{"id":2660,"date":"2025-04-04T11:27:31","date_gmt":"2025-04-04T11:27:31","guid":{"rendered":"https:\/\/izzzleep.fi\/?page_id=2660"},"modified":"2025-04-04T11:41:15","modified_gmt":"2025-04-04T11:41:15","slug":"babybag","status":"publish","type":"page","link":"https:\/\/izzzleep.fi\/en\/babybag\/","title":{"rendered":"BabyBag"},"content":{"rendered":"<div data-elementor-type=\"wp-page\" data-elementor-id=\"2660\" class=\"elementor elementor-2660\">\n\t\t\t\t<div class=\"elementor-element elementor-element-dcfb448 e-flex e-con-boxed e-con e-parent\" data-id=\"dcfb448\" data-element_type=\"container\" data-e-type=\"container\" data-settings=\"{&quot;background_background&quot;:&quot;gradient&quot;}\">\n\t\t\t\t\t<div class=\"e-con-inner\">\n\t\t\t\t<div class=\"elementor-element elementor-element-4ebc294 elementor-widget__width-inherit elementor-widget elementor-widget-heading\" data-id=\"4ebc294\" data-element_type=\"widget\" data-e-type=\"widget\" data-widget_type=\"heading.default\">\n\t\t\t\t<div class=\"elementor-widget-container\">\n\t\t\t\t\t<h1 class=\"elementor-heading-title elementor-size-default\">Babybag<\/h1>\t\t\t\t<\/div>\n\t\t\t\t<\/div>\n\t\t\t\t\t<\/div>\n\t\t\t\t<\/div>\n\t\t<div class=\"elementor-element elementor-element-500861b e-flex e-con-boxed e-con e-parent\" data-id=\"500861b\" data-element_type=\"container\" data-e-type=\"container\">\n\t\t\t\t\t<div class=\"e-con-inner\">\n\t\t<div class=\"elementor-element elementor-element-7dbc6fb e-con-full e-flex e-con e-child\" data-id=\"7dbc6fb\" data-element_type=\"container\" data-e-type=\"container\">\n\t\t\t\t<div class=\"elementor-element elementor-element-6658dc9 elementor-widget elementor-widget-heading\" data-id=\"6658dc9\" data-element_type=\"widget\" data-e-type=\"widget\" data-widget_type=\"heading.default\">\n\t\t\t\t<div class=\"elementor-widget-container\">\n\t\t\t\t\t<h4 class=\"elementor-heading-title elementor-size-default\">Instructions for Claiming the BabyBag Offer<\/h4>\t\t\t\t<\/div>\n\t\t\t\t<\/div>\n\t\t\t\t<div class=\"elementor-element elementor-element-4b9057c elementor-widget elementor-widget-text-editor\" data-id=\"4b9057c\" data-element_type=\"widget\" data-e-type=\"widget\" data-widget_type=\"text-editor.default\">\n\t\t\t\t<div class=\"elementor-widget-container\">\n\t\t\t\t\t\t\t\t\t<p><span style=\"font-weight: 400;\">Congratulations once again on your new addition to the family &lt;3<\/span><\/p><p>\u00a0<\/p><p>Below you'll find the instructions on how to claim your free month of iZzzleep PLUS membership!<\/p><p>\u00a0<\/p><p>The code is \u201cbabybag2025\u201d<\/p><p>\u00a0<\/p><div>1. Download the app and sign up<\/div><div>2. Visit the website at\u00a0 <a href=\"https:\/\/izzzleep.app\/\" target=\"_blank\" rel=\"noopener\">https:\/\/izzzleep.app\/<\/a> and enter the email you used to sign up for the app + the code \u201cbabybag2025\u201d<\/div><div>3. Once activated, you\u2019ll get one month of PLUS membership for free. After the trial, your subscription will automatically continue as a standard monthly plan \u2014 but don\u2019t worry, you can cancel anytime.<\/div><div>\u00a0<\/div><div>If you have any questions, feel free to send us a message on WhatsApp: +358 50 5135368<\/div>\t\t\t\t\t\t\t\t<\/div>\n\t\t\t\t<\/div>\n\t\t\t\t<div class=\"elementor-element elementor-element-b3ac458 elementor-widget-divider--view-line elementor-widget elementor-widget-divider\" data-id=\"b3ac458\" data-element_type=\"widget\" data-e-type=\"widget\" data-widget_type=\"divider.default\">\n\t\t\t\t<div class=\"elementor-widget-container\">\n\t\t\t\t\t\t\t<div class=\"elementor-divider\">\n\t\t\t<span class=\"elementor-divider-separator\">\n\t\t\t\t\t\t<\/span>\n\t\t<\/div>\n\t\t\t\t\t\t<\/div>\n\t\t\t\t<\/div>\n\t\t<div class=\"elementor-element elementor-element-51b695b e-flex e-con-boxed e-con e-child\" data-id=\"51b695b\" data-element_type=\"container\" data-e-type=\"container\">\n\t\t\t\t\t<div class=\"e-con-inner\">\n\t\t<div class=\"elementor-element elementor-element-8c3d36e e-flex e-con-boxed e-con e-child\" data-id=\"8c3d36e\" data-element_type=\"container\" data-e-type=\"container\">\n\t\t\t\t\t<div class=\"e-con-inner\">\n\t\t\t\t<div class=\"elementor-element elementor-element-7c3fe30 elementor-widget elementor-widget-image\" data-id=\"7c3fe30\" data-element_type=\"widget\" data-e-type=\"widget\" data-widget_type=\"image.default\">\n\t\t\t\t<div class=\"elementor-widget-container\">\n\t\t\t\t\t\t\t\t\t\t\t\t\t\t\t<img fetchpriority=\"high\" decoding=\"async\" width=\"512\" height=\"640\" src=\"https:\/\/izzzleep.fi\/wp-content\/uploads\/2025\/04\/Nimeton-malli.png-2.png\" class=\"attachment-large size-large wp-image-2676\" alt=\"\" srcset=\"https:\/\/izzzleep.fi\/wp-content\/uploads\/2025\/04\/Nimeton-malli.png-2.png 512w, https:\/\/izzzleep.fi\/wp-content\/uploads\/2025\/04\/Nimeton-malli.png-2-240x300.png 240w, https:\/\/izzzleep.fi\/wp-content\/uploads\/2025\/04\/Nimeton-malli.png-2-10x12.png 10w\" sizes=\"(max-width: 512px) 100vw, 512px\" \/>\t\t\t\t\t\t\t\t\t\t\t\t\t\t\t<\/div>\n\t\t\t\t<\/div>\n\t\t\t\t\t<\/div>\n\t\t\t\t<\/div>\n\t\t\t\t\t<\/div>\n\t\t\t\t<\/div>\n\t\t\t\t<\/div>\n\t\t\t\t\t<\/div>\n\t\t\t\t<\/div>\n\t\t\t\t<\/div>","protected":false},"excerpt":{"rendered":"<p>Babybag Ohjeet BabyBag tarjouksen lunastamiseen Onnittelut viel\u00e4 kerran perheenlis\u00e4yksest\u00e4 &lt;3 \u00a0 Alta l\u00f6yd\u00e4t ohjeet, miten p\u00e4\u00e4set lunastamaan ilmaisen kuukauden iZzzleep PLUS-j\u00e4senyyteen! \u00a0 Koodi on &#8221;babybag2025&#8221; \u00a0 1. Lataa sovellus ja rekister\u00f6idy2. Mene osoitteen\u00a0 https:\/\/izzzleep.app\/ ja sy\u00f6t\u00e4 siell\u00e4 s\u00e4hk\u00f6posti jolla rekister\u00f6idyit sovellukseen + yll\u00e4oleva koodi &#8221;babybag2025&#8243;3. T\u00e4m\u00e4n j\u00e4lkeen ilmainen testijakso PLUS-j\u00e4senyytt\u00e4 on aktivoitunut sinulle. Kuukauden ilmaisen [&hellip;]<\/p>","protected":false},"author":2,"featured_media":0,"parent":0,"menu_order":0,"comment_status":"closed","ping_status":"closed","template":"","meta":{"_kad_blocks_custom_css":"","_kad_blocks_head_custom_js":"","_kad_blocks_body_custom_js":"","_kad_blocks_footer_custom_js":"","site-sidebar-layout":"no-sidebar","site-content-layout":"page-builder","ast-site-content-layout":"default","site-content-style":"default","site-sidebar-style":"default","ast-global-header-display":"","ast-banner-title-visibility":"","ast-main-header-display":"","ast-hfb-above-header-display":"","ast-hfb-below-header-display":"","ast-hfb-mobile-header-display":"","site-post-title":"disabled","ast-breadcrumbs-content":"","ast-featured-img":"disabled","footer-sml-layout":"","ast-disable-related-posts":"","theme-transparent-header-meta":"enabled","adv-header-id-meta":"","stick-header-meta":"","header-above-stick-meta":"","header-main-stick-meta":"","header-below-stick-meta":"","astra-migrate-meta-layouts":"default","ast-page-background-enabled":"default","ast-page-background-meta":{"desktop":{"background-color":"var(--ast-global-color-4)","background-image":"","background-repeat":"repeat","background-position":"center center","background-size":"auto","background-attachment":"scroll","background-type":"","background-media":"","overlay-type":"","overlay-color":"","overlay-opacity":"","overlay-gradient":""},"tablet":{"background-color":"","background-image":"","background-repeat":"repeat","background-position":"center center","background-size":"auto","background-attachment":"scroll","background-type":"","background-media":"","overlay-type":"","overlay-color":"","overlay-opacity":"","overlay-gradient":""},"mobile":{"background-color":"","background-image":"","background-repeat":"repeat","background-position":"center center","background-size":"auto","background-attachment":"scroll","background-type":"","background-media":"","overlay-type":"","overlay-color":"","overlay-opacity":"","overlay-gradient":""}},"ast-content-background-meta":{"desktop":{"background-color":"var(--ast-global-color-5)","background-image":"","background-repeat":"repeat","background-position":"center center","background-size":"auto","background-attachment":"scroll","background-type":"","background-media":"","overlay-type":"","overlay-color":"","overlay-opacity":"","overlay-gradient":""},"tablet":{"background-color":"var(--ast-global-color-5)","background-image":"","background-repeat":"repeat","background-position":"center center","background-size":"auto","background-attachment":"scroll","background-type":"","background-media":"","overlay-type":"","overlay-color":"","overlay-opacity":"","overlay-gradient":""},"mobile":{"background-color":"var(--ast-global-color-5)","background-image":"","background-repeat":"repeat","background-position":"center center","background-size":"auto","background-attachment":"scroll","background-type":"","background-media":"","overlay-type":"","overlay-color":"","overlay-opacity":"","overlay-gradient":""}},"_kadence_starter_templates_imported_post":false,"footnotes":""},"class_list":["post-2660","page","type-page","status-publish","hentry"],"taxonomy_info":[],"featured_image_src_large":false,"author_info":{"display_name":"Jussi Rauhala","author_link":"https:\/\/izzzleep.fi\/en\/author\/jussirauhala\/"},"comment_info":0,"_links":{"self":[{"href":"https:\/\/izzzleep.fi\/en\/wp-json\/wp\/v2\/pages\/2660","targetHints":{"allow":["GET"]}}],"collection":[{"href":"https:\/\/izzzleep.fi\/en\/wp-json\/wp\/v2\/pages"}],"about":[{"href":"https:\/\/izzzleep.fi\/en\/wp-json\/wp\/v2\/types\/page"}],"author":[{"embeddable":true,"href":"https:\/\/izzzleep.fi\/en\/wp-json\/wp\/v2\/users\/2"}],"replies":[{"embeddable":true,"href":"https:\/\/izzzleep.fi\/en\/wp-json\/wp\/v2\/comments?post=2660"}],"version-history":[{"count":16,"href":"https:\/\/izzzleep.fi\/en\/wp-json\/wp\/v2\/pages\/2660\/revisions"}],"predecessor-version":[{"id":2682,"href":"https:\/\/izzzleep.fi\/en\/wp-json\/wp\/v2\/pages\/2660\/revisions\/2682"}],"wp:attachment":[{"href":"https:\/\/izzzleep.fi\/en\/wp-json\/wp\/v2\/media?parent=2660"}],"curies":[{"name":"wp","href":"https:\/\/api.w.org\/{rel}","templated":true}]}}